{"id":1341,"date":"2023-12-17T13:58:26","date_gmt":"2023-12-17T12:58:26","guid":{"rendered":"https:\/\/lyonnordcombats.com\/?page_id=1341"},"modified":"2024-02-01T11:00:42","modified_gmt":"2024-02-01T10:00:42","slug":"mentions-legales-2","status":"publish","type":"page","link":"https:\/\/lyonnordcombats.com\/index.php\/mentions-legales-2\/","title":{"rendered":"Mentions l\u00e9gales"},"content":{"rendered":"\t\t<div data-elementor-type=\"wp-page\" data-elementor-id=\"1341\" class=\"elementor elementor-1341\">\n\t\t\t\t<div class=\"elementor-element elementor-element-2ef8bc17 e-flex e-con-boxed e-con e-parent\" data-id=\"2ef8bc17\" data-element_type=\"container\">\n\t\t\t\t\t<div class=\"e-con-inner\">\n\t\t\t\t<div class=\"elementor-element elementor-element-3bc6833 elementor-widget elementor-widget-heading\" data-id=\"3bc6833\" data-element_type=\"widget\" data-widget_type=\"heading.default\">\n\t\t\t\t<div class=\"elementor-widget-container\">\n\t\t\t<style>\/*! elementor - v3.23.0 - 05-08-2024 *\/\n.elementor-heading-title{padding:0;margin:0;line-height:1}.elementor-widget-heading .elementor-heading-title[class*=elementor-size-]>a{color:inherit;font-size:inherit;line-height:inherit}.elementor-widget-heading .elementor-heading-title.elementor-size-small{font-size:15px}.elementor-widget-heading .elementor-heading-title.elementor-size-medium{font-size:19px}.elementor-widget-heading .elementor-heading-title.elementor-size-large{font-size:29px}.elementor-widget-heading .elementor-heading-title.elementor-size-xl{font-size:39px}.elementor-widget-heading .elementor-heading-title.elementor-size-xxl{font-size:59px}<\/style><h2 class=\"elementor-heading-title elementor-size-default\">MENSTIONS LEGALES<\/h2>\t\t<\/div>\n\t\t\t\t<\/div>\n\t\t\t\t<div class=\"elementor-element elementor-element-719bcd72 elementor-widget elementor-widget-text-editor\" data-id=\"719bcd72\" data-element_type=\"widget\" data-widget_type=\"text-editor.default\">\n\t\t\t\t<div class=\"elementor-widget-container\">\n\t\t\t<style>\/*! elementor - v3.23.0 - 05-08-2024 *\/\n.elementor-widget-text-editor.elementor-drop-cap-view-stacked .elementor-drop-cap{background-color:#69727d;color:#fff}.elementor-widget-text-editor.elementor-drop-cap-view-framed .elementor-drop-cap{color:#69727d;border:3px solid;background-color:transparent}.elementor-widget-text-editor:not(.elementor-drop-cap-view-default) .elementor-drop-cap{margin-top:8px}.elementor-widget-text-editor:not(.elementor-drop-cap-view-default) .elementor-drop-cap-letter{width:1em;height:1em}.elementor-widget-text-editor .elementor-drop-cap{float:left;text-align:center;line-height:1;font-size:50px}.elementor-widget-text-editor .elementor-drop-cap-letter{display:inline-block}<\/style>\t\t\t\t<p>La connexion et la navigation sur ce site par l\u2019utilisateur implique l\u2019acceptation int\u00e9grale et sans r\u00e9serve des pr\u00e9sentes mentions l\u00e9gales.<\/p><h3>D\u00e9nomination Sociale<\/h3><p>LYON NORD COMBATS Association sportive<\/p><p>1, chemin de la Mendillonne, 69650 Saint-Germain-au-Mont-d&rsquo;or<\/p><p>T\u00e9l\u00e9phone: <a href=\"tel:+33619634785\">+33 6 19 63 47 85<\/a><\/p><p>E- mail : <a href=\"mailto:contact@lyonnordcombats.com\">contact@lyonnordcombats.com<\/a><\/p><p>Directeur de publication : Federico Garc\u00eda Baena<\/p><h3>REALISATION DU SITE<\/h3><p>Conception graphique et Web design : Federico Garc\u00eda Baena<\/p><p>Cr\u00e9dits photo: Federico Garc\u00eda Baena, Clara Grisot-Claraobscurus &#8211; <a href=\"https:\/\/www.flickr.com\/photos\/claraobscurus\/\">https:\/\/www.flickr.com\/photos\/claraobscurus\/<\/a>,\u00a0RIXE CLUB &#8211; <a href=\"http:\/\/www.rixe-club.com\">www.rixe-club.com<\/a>, JBABA Photographie &#8211; <a href=\"http:\/\/www.shaineprod.com\">www.shaineprod.com<\/a> H\u00e9bergement :\u00a0HOSTINGER INTERNATIONAL LTD,\u00a061 Lordou Vironos Street,\u00a06023 Larnaca,\u00a0Chypre.<\/p><h3>Acc\u00e8s au site<\/h3><p>Le site est accessible par tout endroit, 7j\/7, 24h\/24 sauf en cas de force majeure, interruption programm\u00e9e ou non et pouvant d\u00e9couler d\u2019une n\u00e9cessit\u00e9 de maintenance. En cas de modification, interruption ou suspension des services le site lyonnordcombats.com ne saurait \u00eatre tenu responsable.<\/p><h3>Propri\u00e9t\u00e9 intellectuelle<\/h3><p>Toute utilisation, reproduction, diffusion, commercialisation, modification de toute ou partie du site lyonnordcombats.com ainsi que tous les \u00e9l\u00e9ments le composant (logo, illustrations, photographies\u2026) sans autorisation de l\u2019\u00e9diteur est prohib\u00e9e et pourra entra\u00een\u00e9e des actions et poursuites judiciaires telles que pr\u00e9vu par le Code de la propri\u00e9t\u00e9 intellectuelle et le Code civil.<\/p><h3>Collecte des donn\u00e9es<\/h3><p>Les donn\u00e9es personnelles collect\u00e9es sont destin\u00e9es \u00e0 fournir \u00e0 l\u2019utilisateur les produits et services propos\u00e9s par ce site et ne seront pas utilis\u00e9es \u00e0 des fins non pr\u00e9vues par les pr\u00e9sentes mentions l\u00e9gales. Le site assure \u00e0 l\u2019utilisateur une collecte et un traitement d\u2019informations personnelles dans le respect de la vie priv\u00e9e conform\u00e9ment \u00e0 la loi n\u00b078-17 du 6 janvier 1978 relative \u00e0 l\u2019informatique, aux fichiers et aux libert\u00e9s. En vertu de la loi Informatique et Libert\u00e9s, en date du 6 janvier 1978, l\u2019utilisateur dispose d\u2019un droit d\u2019acc\u00e8s, de rectification, de suppression et d\u2019opposition de ses donn\u00e9es personnelles. L\u2019Utilisateur exerce ce droit par mail \u00e0 l\u2019adresse lyonnordcombats@gmail.com.\u00a0En aucun cas, les donn\u00e9es recueillies sur le site Lyon Nord Combats ne seront c\u00e9d\u00e9es ou vendues \u00e0 des tiers.<\/p><h3>Cookies<\/h3><p>L\u2019utilisateur est inform\u00e9 que lors de ses visites sur le site, un cookie peut s\u2019installer automatiquement sur son logiciel de navigation. En naviguant sur le site, il les accepte. Un cookie est un \u00e9l\u00e9ment qui ne permet pas d\u2019identifier l\u2019utilisateur mais sert \u00e0 enregistrer des informations relatives \u00e0 la navigation de celui-ci sur le site Internet. L\u2019utilisateur pourra d\u00e9sactiver ce cookie par l\u2019interm\u00e9diaire des param\u00e8tres figurant au sein de son logiciel de navigation.<\/p><h3>Limitation de responsabilit\u00e9<\/h3><p>Lyon Nord Combats ne pourra \u00eatre tenu pour responsable de tout dommage direct et\/ou indirect r\u00e9sultant de l\u2019utilisation faite par l&rsquo;utilisateur du site et\/ou de toute information qu\u2019il contient. Le site lyonnordcombats.com peut renvoyer l\u2019utilisateur \u00e0 d\u2019autres sites internet par le biais de liens hypertexte. Ces liens ont \u00e9t\u00e9 ins\u00e9r\u00e9s dans le site avec l\u2019autorisation des titulaires des sites li\u00e9s. En tout \u00e9tat de cause, Lyon Nord Combats ne saurait \u00eatre responsable du contenu de ces sites, lesquels rel\u00e8vent de l\u2019enti\u00e8re responsabilit\u00e9 de leurs titulaires. Certains dangers sont inh\u00e9rents \u00e0 l\u2019utilisation d\u2019 internet et l\u2019utilisateur est mis en garde quant \u00e0 la n\u00e9cessit\u00e9 de prendre en compte les risques potentiels (toute infection par virus d\u2019ordinateur, tout bogue, tout ralentissement etc\u2026) avant de proc\u00e9der \u00e0 la consultation de notre site. Tout lien simple et\/ou profond ou \u00ab framing \u00bb \u00e0 destination du site de Lyon Nord Combats est strictement interdit et en cons\u00e9quence, aucun \u00e9l\u00e9ment figurant sur une page du site Internet de Lyon Nord Combats ne peut \u00eatre partiellement ou totalement diffus\u00e9, transf\u00e9r\u00e9 ou ins\u00e9r\u00e9 sur un autre site Internet, ni servir \u00e0 cr\u00e9er des produits d\u00e9riv\u00e9s, sauf autorisation \u00e9crite de Lyon Nord Combats.<\/p><h3>Loi applicable<\/h3><p>Ce site a \u00e9t\u00e9 con\u00e7u en France et son exploitation est assur\u00e9e \u00e0 partir de la France. Lyon Nord Combats ne garantit d\u2019aucune fa\u00e7on la l\u00e9galit\u00e9 de l\u2019acc\u00e8s ou de l\u2019usage de son site et des contenus qui y figurent lorsque l\u2019utilisateur y acc\u00e8de \u00e0 partir d\u2019autres pays que la France. Lyon Nord Combats interdit l\u2019acc\u00e8s \u00e0 son site dans les pays o\u00f9 la l\u00e9gislation en vigueur consid\u00e8re qu\u2019il s\u2019agit d\u2019un acc\u00e8s illicite. Les utilisateurs qui passent outre le font \u00e0 leurs risques et p\u00e9rils, et assument seuls les cons\u00e9quences de leur non-respect de la loi applicable. Les pr\u00e9sentes conditions d\u2019utilisation ont \u00e9t\u00e9 r\u00e9dig\u00e9es en fran\u00e7ais et la loi qui leur est applicable est la loi fran\u00e7aise, les r\u00e8gles relatives aux conflits de lois ne pouvant mettre en \u00e9chec cette comp\u00e9tence de principe de la loi fran\u00e7aise et des tribunaux fran\u00e7ais.<\/p>\t\t\t\t\t\t<\/div>\n\t\t\t\t<\/div>\n\t\t<div class=\"elementor-element elementor-element-1b31e05 e-con-full e-flex e-con e-child\" data-id=\"1b31e05\" data-element_type=\"container\" data-settings=\"{&quot;background_background&quot;:&quot;classic&quot;}\">\n\t\t\t\t<div class=\"elementor-element elementor-element-b9ebff5 elementor-widget elementor-widget-image\" data-id=\"b9ebff5\" data-element_type=\"widget\" data-widget_type=\"image.default\">\n\t\t\t\t<div class=\"elementor-widget-container\">\n\t\t\t<style>\/*! elementor - v3.23.0 - 05-08-2024 *\/\n.elementor-widget-image{text-align:center}.elementor-widget-image a{display:inline-block}.elementor-widget-image a img[src$=\".svg\"]{width:48px}.elementor-widget-image img{vertical-align:middle;display:inline-block}<\/style>\t\t\t\t\t\t\t\t\t\t\t<a href=\"https:\/\/lyonnordcombats.com\/\">\n\t\t\t\t\t\t\t<img decoding=\"async\" width=\"300\" height=\"131\" src=\"https:\/\/lyonnordcombats.com\/wp-content\/uploads\/2023\/12\/Logo-LNC_declin-A_BLANC-300x131.png\" class=\"attachment-medium size-medium wp-image-946\" alt=\"\" srcset=\"https:\/\/lyonnordcombats.com\/wp-content\/uploads\/2023\/12\/Logo-LNC_declin-A_BLANC-300x131.png 300w, https:\/\/lyonnordcombats.com\/wp-content\/uploads\/2023\/12\/Logo-LNC_declin-A_BLANC-1024x447.png 1024w, https:\/\/lyonnordcombats.com\/wp-content\/uploads\/2023\/12\/Logo-LNC_declin-A_BLANC-768x335.png 768w, https:\/\/lyonnordcombats.com\/wp-content\/uploads\/2023\/12\/Logo-LNC_declin-A_BLANC-1536x670.png 1536w, https:\/\/lyonnordcombats.com\/wp-content\/uploads\/2023\/12\/Logo-LNC_declin-A_BLANC-2048x893.png 2048w\" sizes=\"(max-width: 300px) 100vw, 300px\" \/>\t\t\t\t\t\t\t\t<\/a>\n\t\t\t\t\t\t\t\t\t\t\t\t\t<\/div>\n\t\t\t\t<\/div>\n\t\t\t\t<div class=\"elementor-element elementor-element-a338d3f elementor-widget elementor-widget-text-editor\" data-id=\"a338d3f\" data-element_type=\"widget\" data-widget_type=\"text-editor.default\">\n\t\t\t\t<div class=\"elementor-widget-container\">\n\t\t\t\t\t\t\t<p style=\"text-align: center;\">\ud83d\udc46Retour \u00e0 la page d&rsquo;accueil \ud83d\udc46<\/p>\t\t\t\t\t\t<\/div>\n\t\t\t\t<\/div>\n\t\t\t\t<\/div>\n\t\t\t\t\t<\/div>\n\t\t\t\t<\/div>\n\t\t\t\t<\/div>\n\t\t","protected":false},"excerpt":{"rendered":"<p>MENSTIONS LEGALES La connexion et la navigation sur ce site par l\u2019utilisateur implique l\u2019acceptation int\u00e9grale et sans r\u00e9serve des pr\u00e9sentes mentions l\u00e9gales. D\u00e9nomination Sociale LYON NORD COMBATS Association sportive 1, chemin de la Mendillonne, 69650 Saint-Germain-au-Mont-d&rsquo;or T\u00e9l\u00e9phone: +33 6 19 63 47 85 E- mail : contact@lyonnordcombats.com Directeur de publication : Federico Garc\u00eda Baena REALISATION &hellip;<\/p>\n<p class=\"read-more\"> <a class=\"\" href=\"https:\/\/lyonnordcombats.com\/index.php\/mentions-legales-2\/\"> <span class=\"screen-reader-text\">Mentions l\u00e9gales<\/span> Lire la suite\u00a0\u00bb<\/a><\/p>\n","protected":false},"author":1,"featured_media":0,"parent":0,"menu_order":0,"comment_status":"closed","ping_status":"closed","template":"","meta":{"om_disable_all_campaigns":false,"pmpro_default_level":"","_monsterinsights_skip_tracking":false,"_monsterinsights_sitenote_active":false,"_monsterinsights_sitenote_note":"","_monsterinsights_sitenote_category":0,"site-sidebar-layout":"default","site-content-layout":"","ast-site-content-layout":"","site-content-style":"default","site-sidebar-style":"default","ast-global-header-display":"","ast-banner-title-visibility":"","ast-main-header-display":"","ast-hfb-above-header-display":"","ast-hfb-below-header-display":"","ast-hfb-mobile-header-display":"","site-post-title":"","ast-breadcrumbs-content":"","ast-featured-img":"","footer-sml-layout":"","theme-transparent-header-meta":"","adv-header-id-meta":"","stick-header-meta":"","header-above-stick-meta":"","header-main-stick-meta":"","header-below-stick-meta":"","astra-migrate-meta-layouts":"default","ast-page-background-enabled":"default","ast-page-background-meta":{"desktop":{"background-color":"","background-image":"","background-repeat":"repeat","background-position":"center center","background-size":"auto","background-attachment":"scroll","background-type":"","background-media":"","overlay-type":"","overlay-color":"","overlay-gradient":""},"tablet":{"background-color":"","background-image":"","background-repeat":"repeat","background-position":"center center","background-size":"auto","background-attachment":"scroll","background-type":"","background-media":"","overlay-type":"","overlay-color":"","overlay-gradient":""},"mobile":{"background-color":"","background-image":"","background-repeat":"repeat","background-position":"center center","background-size":"auto","background-attachment":"scroll","background-type":"","background-media":"","overlay-type":"","overlay-color":"","overlay-gradient":""}},"ast-content-background-meta":{"desktop":{"background-color":"var(--ast-global-color-5)","background-image":"","background-repeat":"repeat","background-position":"center center","background-size":"auto","background-attachment":"scroll","background-type":"","background-media":"","overlay-type":"","overlay-color":"","overlay-gradient":""},"tablet":{"background-color":"var(--ast-global-color-5)","background-image":"","background-repeat":"repeat","background-position":"center center","background-size":"auto","background-attachment":"scroll","background-type":"","background-media":"","overlay-type":"","overlay-color":"","overlay-gradient":""},"mobile":{"background-color":"var(--ast-global-color-5)","background-image":"","background-repeat":"repeat","background-position":"center center","background-size":"auto","background-attachment":"scroll","background-type":"","background-media":"","overlay-type":"","overlay-color":"","overlay-gradient":""}},"footnotes":""},"aioseo_notices":[],"_links":{"self":[{"href":"https:\/\/lyonnordcombats.com\/index.php\/wp-json\/wp\/v2\/pages\/1341"}],"collection":[{"href":"https:\/\/lyonnordcombats.com\/index.php\/wp-json\/wp\/v2\/pages"}],"about":[{"href":"https:\/\/lyonnordcombats.com\/index.php\/wp-json\/wp\/v2\/types\/page"}],"author":[{"embeddable":true,"href":"https:\/\/lyonnordcombats.com\/index.php\/wp-json\/wp\/v2\/users\/1"}],"replies":[{"embeddable":true,"href":"https:\/\/lyonnordcombats.com\/index.php\/wp-json\/wp\/v2\/comments?post=1341"}],"version-history":[{"count":22,"href":"https:\/\/lyonnordcombats.com\/index.php\/wp-json\/wp\/v2\/pages\/1341\/revisions"}],"predecessor-version":[{"id":1462,"href":"https:\/\/lyonnordcombats.com\/index.php\/wp-json\/wp\/v2\/pages\/1341\/revisions\/1462"}],"wp:attachment":[{"href":"https:\/\/lyonnordcombats.com\/index.php\/wp-json\/wp\/v2\/media?parent=1341"}],"curies":[{"name":"wp","href":"https:\/\/api.w.org\/{rel}","templated":true}]}}