{"id":3,"date":"2023-12-12T16:48:15","date_gmt":"2023-12-12T15:48:15","guid":{"rendered":"http:\/\/lyonnordcombats.com\/?page_id=3"},"modified":"2024-01-11T12:23:23","modified_gmt":"2024-01-11T11:23:23","slug":"politique-de-confidentialite","status":"publish","type":"page","link":"https:\/\/lyonnordcombats.com\/index.php\/politique-de-confidentialite\/","title":{"rendered":"Politique de confidentialit\u00e9"},"content":{"rendered":"\t\t<div data-elementor-type=\"wp-page\" data-elementor-id=\"3\" class=\"elementor elementor-3\">\n\t\t\t\t<div class=\"elementor-element elementor-element-2ef8bc17 e-flex e-con-boxed e-con e-parent\" data-id=\"2ef8bc17\" data-element_type=\"container\">\n\t\t\t\t\t<div class=\"e-con-inner\">\n\t\t\t\t<div class=\"elementor-element elementor-element-3bc6833 elementor-widget elementor-widget-heading\" data-id=\"3bc6833\" data-element_type=\"widget\" data-widget_type=\"heading.default\">\n\t\t\t\t<div class=\"elementor-widget-container\">\n\t\t\t<style>\/*! elementor - v3.23.0 - 05-08-2024 *\/\n.elementor-heading-title{padding:0;margin:0;line-height:1}.elementor-widget-heading .elementor-heading-title[class*=elementor-size-]>a{color:inherit;font-size:inherit;line-height:inherit}.elementor-widget-heading .elementor-heading-title.elementor-size-small{font-size:15px}.elementor-widget-heading .elementor-heading-title.elementor-size-medium{font-size:19px}.elementor-widget-heading .elementor-heading-title.elementor-size-large{font-size:29px}.elementor-widget-heading .elementor-heading-title.elementor-size-xl{font-size:39px}.elementor-widget-heading .elementor-heading-title.elementor-size-xxl{font-size:59px}<\/style><h2 class=\"elementor-heading-title elementor-size-default\">POLITIQUE DE CONFIDENTIALIT\u00c9<\/h2>\t\t<\/div>\n\t\t\t\t<\/div>\n\t\t\t\t<div class=\"elementor-element elementor-element-719bcd72 elementor-widget elementor-widget-text-editor\" data-id=\"719bcd72\" data-element_type=\"widget\" data-widget_type=\"text-editor.default\">\n\t\t\t\t<div class=\"elementor-widget-container\">\n\t\t\t<style>\/*! elementor - v3.23.0 - 05-08-2024 *\/\n.elementor-widget-text-editor.elementor-drop-cap-view-stacked .elementor-drop-cap{background-color:#69727d;color:#fff}.elementor-widget-text-editor.elementor-drop-cap-view-framed .elementor-drop-cap{color:#69727d;border:3px solid;background-color:transparent}.elementor-widget-text-editor:not(.elementor-drop-cap-view-default) .elementor-drop-cap{margin-top:8px}.elementor-widget-text-editor:not(.elementor-drop-cap-view-default) .elementor-drop-cap-letter{width:1em;height:1em}.elementor-widget-text-editor .elementor-drop-cap{float:left;text-align:center;line-height:1;font-size:50px}.elementor-widget-text-editor .elementor-drop-cap-letter{display:inline-block}<\/style>\t\t\t\t<h3>PROPRI\u00c9TAIRE DU SITE<\/h3>\n<p><!-- \/wp:heading --><\/p>\n<p><!-- wp:paragraph --><\/p>\n<p>L\u2019adresse de notre site web est : www.lyonnordcombats.com<br \/>Ce site est la propri\u00e9t\u00e9 de l&rsquo;association Lyon Nord Combats, dont le si\u00e8ge social est situ\u00e9 au : 1, chemin de la Mendillonne, 69650 Saint-Germain-au-Monts-d&rsquo;or.<span style=\"font-style: inherit; text-align: var(--text-align); background-color: var(--ast-global-color-5); color: var(--ast-global-color-3);\">\u00a0<\/span><\/p>\n<p>&nbsp;<\/p>\n<h3>DONN\u00c9ES PERSONNELLES<\/h3>\n<p><!-- \/wp:heading --><\/p>\n<p><!-- wp:paragraph --><\/p>\n<p>Il existe 2 types de donn\u00e9es susceptibles d\u2019\u00eatre recueillies :<\/p>\n<p>\ud83d\udc49 <strong>Les donn\u00e9es transmises directement<\/strong>: ces donn\u00e9es sont celles que vous nous transmettez directement, via un formulaire de contact ou bien par contact direct par email.<\/p>\n<p><strong>\ud83d\udc49 Les donn\u00e9es collect\u00e9es automatiquement<\/strong>: lors de vos visites, une fois votre consentement donn\u00e9, nous pouvons recueillir des informations de type \u00ab web analytics \u00bb relatives \u00e0 votre navigation, la dur\u00e9e de votre consultation, votre adresse IP, votre type et version de navigateur. La technologie utilis\u00e9e est le cookie.<\/p>\n<p>&nbsp;<\/p>\n<p><!-- \/wp:paragraph --><\/p>\n<p><!-- wp:heading --><\/p>\n<h3>UTILISATION DES DONN\u00c9ES<\/h3>\n<p><!-- \/wp:heading --><\/p>\n<p><!-- wp:paragraph --><\/p>\n<p>Les donn\u00e9es que vous nous transmettez directement sont utilis\u00e9es dans le but de vous re-contacter et\/ou dans le cadre de la demande que vous nous faites.<br \/>Les donn\u00e9es \u00ab web analytics \u00bb sont collect\u00e9es sous forme anonyme (en enregistrant des adresses IP anonymes) par Google Analytics, et nous permettent de mesurer l\u2019audience de notre site web, les consultations et les \u00e9ventuelles erreurs afin d\u2019am\u00e9liorer constamment l\u2019exp\u00e9rience des utilisateurs.<br \/>Ces donn\u00e9es sont utilis\u00e9es par Lyon Nord Combats, et ne seront jamais c\u00e9d\u00e9es \u00e0 un tiers ni utilis\u00e9es \u00e0 d\u2019autres fins que celles d\u00e9taill\u00e9es ci-dessus.<\/p>\n<p>&nbsp;<\/p>\n<p><!-- \/wp:paragraph --><\/p>\n<p><!-- wp:heading --><\/p>\n<h3>BASE LEGALE<\/h3>\n<p><!-- \/wp:heading --><\/p>\n<p><!-- wp:paragraph --><\/p>\n<p>Les donn\u00e9es personnelles ne sont collect\u00e9es qu\u2019apr\u00e8s consentement obligatoire de l\u2019utilisateur. Ce consentement est valablement recueilli (boutons et cases \u00e0 remplir), libre, clair et sans \u00e9quivoque.<\/p>\n<p><!-- \/wp:paragraph --><\/p>\n<p><!-- wp:heading --><\/p>\n<h3>DUR\u00c9E DE CONSERVATION<\/h3>\n<p><!-- \/wp:heading --><\/p>\n<p><!-- wp:paragraph --><\/p>\n<p>Les donn\u00e9es seront sauvegard\u00e9es durant une dur\u00e9e maximale de 3 ans.<\/p>\n<p><!-- \/wp:paragraph --><\/p>\n<p><!-- wp:paragraph --><\/p>\n<p>&nbsp;<\/p>\n<p><!-- \/wp:paragraph --><\/p>\n<p><!-- wp:heading --><\/p>\n<h3>UTILISATION ET TRANSMISSION DE VOS DONN\u00c9ES PERSONNELLES<\/h3>\n<p><!-- \/wp:heading --><\/p>\n<p><!-- wp:paragraph --><\/p>\n<p>Voici la liste des cookies utilis\u00e9es et leur objectif :<\/p>\n<p>Cookies Google Analytics\u00a0: permet de garder en m\u00e9moire le fait que vous acceptez les cookies afin de ne plus vous importuner lors de votre prochaine visite. Ils permettent \u00e9galement d\u2019am\u00e9liorer votre confort : adapter la pr\u00e9sentation du site aux pr\u00e9f\u00e9rences d\u2019affichage de votre terminal (langue utilis\u00e9e, r\u00e9solution d\u2019affichage), m\u00e9moriser les mots de passe et autres informations relatives \u00e0 un formulaire que vous avez rempli sur le site, c\u2019est uniquement pour votre confort afin de ne pas avoir \u00e0 saisir ces informations \u00e0 chaque visite.<\/p>\n<p><!-- \/wp:paragraph --><\/p>\n<p><!-- wp:heading --><\/p>\n<h3>VOS DROITS CONCERNANT LES DONN\u00c9ES PERSONNELLES<\/h3>\n<p><!-- \/wp:heading --><\/p>\n<p><!-- wp:paragraph --><\/p>\n<p>Vous avez le droit de consultation, demande de modification ou d\u2019effacement sur l\u2019ensemble de vos donn\u00e9es personnelles. Vous pouvez \u00e9galement retirer votre consentement au traitement de vos donn\u00e9es.<br \/>Pour toute demande, n\u2019h\u00e9sitez pas \u00e0 nous contacter par e-mail.<\/p>\n<p><!-- \/wp:paragraph --><\/p>\n<p><!-- wp:paragraph --><\/p>\n<p><!-- \/wp:paragraph --><\/p>\n<p><!-- wp:heading --><\/p>\n<h3>CONTACT D\u00c9L\u00c9GU\u00c9 \u00c0 LA PROT\u00c9CTION DES DONN\u00c9ES<\/h3>\n<p><!-- \/wp:heading --><\/p>\n<p><!-- wp:paragraph --><\/p>\n<p>Federico Garc\u00eda Baena \u2013 <a href=\"mailto:contact@lyonnordcombats.com\">contact@lyonnordcombats.com<\/a<\/p>\n<p><!-- \/wp:paragraph --><\/p>\n<p><!-- wp:heading --><\/p>\n<p><!-- \/wp:paragraph --><\/p>\t\t\t\t\t\t<\/div>\n\t\t\t\t<\/div>\n\t\t\t\t\t<\/div>\n\t\t\t\t<\/div>\n\t\t<div class=\"elementor-element elementor-element-a61bf07 e-flex e-con-boxed e-con e-parent\" data-id=\"a61bf07\" data-element_type=\"container\">\n\t\t\t\t\t<div class=\"e-con-inner\">\n\t\t<div class=\"elementor-element elementor-element-2df68e3 e-con-full e-flex e-con e-child\" data-id=\"2df68e3\" data-element_type=\"container\" data-settings=\"{&quot;background_background&quot;:&quot;classic&quot;}\">\n\t\t<div class=\"elementor-element elementor-element-1b31e05 e-con-full e-flex e-con e-child\" data-id=\"1b31e05\" data-element_type=\"container\" data-settings=\"{&quot;background_background&quot;:&quot;classic&quot;}\">\n\t\t\t\t<div class=\"elementor-element elementor-element-b9ebff5 elementor-widget elementor-widget-image\" data-id=\"b9ebff5\" data-element_type=\"widget\" data-widget_type=\"image.default\">\n\t\t\t\t<div class=\"elementor-widget-container\">\n\t\t\t<style>\/*! elementor - v3.23.0 - 05-08-2024 *\/\n.elementor-widget-image{text-align:center}.elementor-widget-image a{display:inline-block}.elementor-widget-image a img[src$=\".svg\"]{width:48px}.elementor-widget-image img{vertical-align:middle;display:inline-block}<\/style>\t\t\t\t\t\t\t\t\t\t\t<a href=\"https:\/\/lyonnordcombats.com\/\">\n\t\t\t\t\t\t\t<img decoding=\"async\" width=\"300\" height=\"131\" src=\"https:\/\/lyonnordcombats.com\/wp-content\/uploads\/2023\/12\/Logo-LNC_declin-A_BLANC-300x131.png\" class=\"attachment-medium size-medium wp-image-946\" alt=\"\" srcset=\"https:\/\/lyonnordcombats.com\/wp-content\/uploads\/2023\/12\/Logo-LNC_declin-A_BLANC-300x131.png 300w, https:\/\/lyonnordcombats.com\/wp-content\/uploads\/2023\/12\/Logo-LNC_declin-A_BLANC-1024x447.png 1024w, https:\/\/lyonnordcombats.com\/wp-content\/uploads\/2023\/12\/Logo-LNC_declin-A_BLANC-768x335.png 768w, https:\/\/lyonnordcombats.com\/wp-content\/uploads\/2023\/12\/Logo-LNC_declin-A_BLANC-1536x670.png 1536w, https:\/\/lyonnordcombats.com\/wp-content\/uploads\/2023\/12\/Logo-LNC_declin-A_BLANC-2048x893.png 2048w\" sizes=\"(max-width: 300px) 100vw, 300px\" \/>\t\t\t\t\t\t\t\t<\/a>\n\t\t\t\t\t\t\t\t\t\t\t\t\t<\/div>\n\t\t\t\t<\/div>\n\t\t\t\t<div class=\"elementor-element elementor-element-a338d3f elementor-widget elementor-widget-text-editor\" data-id=\"a338d3f\" data-element_type=\"widget\" data-widget_type=\"text-editor.default\">\n\t\t\t\t<div class=\"elementor-widget-container\">\n\t\t\t\t\t\t\t<p style=\"text-align: center;\">\ud83d\udc46Retour \u00e0 la page d&rsquo;accueil \ud83d\udc46<\/p>\t\t\t\t\t\t<\/div>\n\t\t\t\t<\/div>\n\t\t\t\t<\/div>\n\t\t\t\t<\/div>\n\t\t\t\t\t<\/div>\n\t\t\t\t<\/div>\n\t\t\t\t<\/div>\n\t\t","protected":false},"excerpt":{"rendered":"<p>POLITIQUE DE CONFIDENTIALIT\u00c9 PROPRI\u00c9TAIRE DU SITE L\u2019adresse de notre site web est : www.lyonnordcombats.comCe site est la propri\u00e9t\u00e9 de l&rsquo;association Lyon Nord Combats, dont le si\u00e8ge social est situ\u00e9 au : 1, chemin de la Mendillonne, 69650 Saint-Germain-au-Monts-d&rsquo;or.\u00a0 &nbsp; DONN\u00c9ES PERSONNELLES Il existe 2 types de donn\u00e9es susceptibles d\u2019\u00eatre recueillies : \ud83d\udc49 Les donn\u00e9es transmises &hellip;<\/p>\n<p class=\"read-more\"> <a class=\"\" href=\"https:\/\/lyonnordcombats.com\/index.php\/politique-de-confidentialite\/\"> <span class=\"screen-reader-text\">Politique de confidentialit\u00e9<\/span> Lire la suite\u00a0\u00bb<\/a><\/p>\n","protected":false},"author":1,"featured_media":0,"parent":0,"menu_order":0,"comment_status":"closed","ping_status":"open","template":"","meta":{"om_disable_all_campaigns":false,"pmpro_default_level":"","_monsterinsights_skip_tracking":false,"_monsterinsights_sitenote_active":false,"_monsterinsights_sitenote_note":"","_monsterinsights_sitenote_category":0,"site-sidebar-layout":"default","site-content-layout":"","ast-site-content-layout":"","site-content-style":"default","site-sidebar-style":"default","ast-global-header-display":"","ast-banner-title-visibility":"","ast-main-header-display":"","ast-hfb-above-header-display":"","ast-hfb-below-header-display":"","ast-hfb-mobile-header-display":"","site-post-title":"","ast-breadcrumbs-content":"","ast-featured-img":"","footer-sml-layout":"","theme-transparent-header-meta":"","adv-header-id-meta":"","stick-header-meta":"","header-above-stick-meta":"","header-main-stick-meta":"","header-below-stick-meta":"","astra-migrate-meta-layouts":"default","ast-page-background-enabled":"default","ast-page-background-meta":{"desktop":{"background-color":"","background-image":"","background-repeat":"repeat","background-position":"center center","background-size":"auto","background-attachment":"scroll","background-type":"","background-media":"","overlay-type":"","overlay-color":"","overlay-gradient":""},"tablet":{"background-color":"","background-image":"","background-repeat":"repeat","background-position":"center center","background-size":"auto","background-attachment":"scroll","background-type":"","background-media":"","overlay-type":"","overlay-color":"","overlay-gradient":""},"mobile":{"background-color":"","background-image":"","background-repeat":"repeat","background-position":"center center","background-size":"auto","background-attachment":"scroll","background-type":"","background-media":"","overlay-type":"","overlay-color":"","overlay-gradient":""}},"ast-content-background-meta":{"desktop":{"background-color":"var(--ast-global-color-5)","background-image":"","background-repeat":"repeat","background-position":"center center","background-size":"auto","background-attachment":"scroll","background-type":"","background-media":"","overlay-type":"","overlay-color":"","overlay-gradient":""},"tablet":{"background-color":"var(--ast-global-color-5)","background-image":"","background-repeat":"repeat","background-position":"center center","background-size":"auto","background-attachment":"scroll","background-type":"","background-media":"","overlay-type":"","overlay-color":"","overlay-gradient":""},"mobile":{"background-color":"var(--ast-global-color-5)","background-image":"","background-repeat":"repeat","background-position":"center center","background-size":"auto","background-attachment":"scroll","background-type":"","background-media":"","overlay-type":"","overlay-color":"","overlay-gradient":""}},"footnotes":""},"aioseo_notices":[],"_links":{"self":[{"href":"https:\/\/lyonnordcombats.com\/index.php\/wp-json\/wp\/v2\/pages\/3"}],"collection":[{"href":"https:\/\/lyonnordcombats.com\/index.php\/wp-json\/wp\/v2\/pages"}],"about":[{"href":"https:\/\/lyonnordcombats.com\/index.php\/wp-json\/wp\/v2\/types\/page"}],"author":[{"embeddable":true,"href":"https:\/\/lyonnordcombats.com\/index.php\/wp-json\/wp\/v2\/users\/1"}],"replies":[{"embeddable":true,"href":"https:\/\/lyonnordcombats.com\/index.php\/wp-json\/wp\/v2\/comments?post=3"}],"version-history":[{"count":39,"href":"https:\/\/lyonnordcombats.com\/index.php\/wp-json\/wp\/v2\/pages\/3\/revisions"}],"predecessor-version":[{"id":1422,"href":"https:\/\/lyonnordcombats.com\/index.php\/wp-json\/wp\/v2\/pages\/3\/revisions\/1422"}],"wp:attachment":[{"href":"https:\/\/lyonnordcombats.com\/index.php\/wp-json\/wp\/v2\/media?parent=3"}],"curies":[{"name":"wp","href":"https:\/\/api.w.org\/{rel}","templated":true}]}}